{"id":22,"date":"2018-08-07T20:46:12","date_gmt":"2018-08-08T01:46:12","guid":{"rendered":"https:\/\/latinopartnership.test\/?page_id=22"},"modified":"2018-10-15T10:03:52","modified_gmt":"2018-10-15T15:03:52","slug":"inicio","status":"publish","type":"page","link":"https:\/\/www.latinopartnership.net\/es\/","title":{"rendered":"Inicio"},"content":{"rendered":"<p><strong>\u00a1Bienvenidos! <em>Welcome!<\/em><\/strong><\/p>\n<p>\u00a1Bienvenidos a nuestro sitio web nuevo!<\/p>\n<p>Esperamos que usen este sitio como un lugar donde puedan encontrar recursos locales para familias latinas, futuros eventos, y informaci\u00f3n sobre temas importantes.<\/p>\n<p><strong>\u00bfQui\u00e9nes Somos?<img decoding=\"async\" class=\"alignright\" src=\"https:\/\/www.latinopartnership.net\/wp-content\/uploads\/2018\/09\/Support-DACA-300x147.jpg\" \/><\/strong><\/p>\n<p>El Latino Partnership es una organizaci\u00f3n dedicada al apoyo de la comunidad latina de Champaign-Urbana y este condado. Hemos transformado nuestra misi\u00f3n al traer la voz de la comunidad latina e inmigrantes a la mesa que toma decisiones. Estamos aqu\u00ed para servirles, para escucharles, y para proveer informaci\u00f3n que lo ayudar\u00e1n a tener \u00e9xito. Nuestra Junta Directiva agradece sus comentarios y, si hay algo con lo que podamos ayudar, favor de informarnos.<\/p>\n<p>Quiz\u00e1s conozcan a algunos de nuestros directores:<\/p>\n<p>Lorenzo Macedo (Co-Presidente)\u00a0\u00a0\u00a0 Luc\u00eda Maldonado (Co-Presidente)<\/p>\n<p>Wendy Hundley (Secretaria)\u00a0\u00a0\u00a0\u00a0\u00a0\u00a0\u00a0\u00a0\u00a0\u00a0\u00a0 David Adcock (Tesorero)<\/p>\n<p>Sedna C\u00f3rdova Hernandez\u00a0\u00a0\u00a0\u00a0\u00a0\u00a0\u00a0\u00a0\u00a0\u00a0\u00a0\u00a0\u00a0 Michelle Cruz-Santiago<\/p>\n<p>Lisa Sink\u00a0\u00a0\u00a0\u00a0\u00a0\u00a0\u00a0\u00a0\u00a0\u00a0\u00a0\u00a0\u00a0\u00a0\u00a0\u00a0\u00a0\u00a0\u00a0\u00a0\u00a0\u00a0\u00a0\u00a0\u00a0\u00a0\u00a0\u00a0\u00a0\u00a0\u00a0\u00a0\u00a0\u00a0\u00a0\u00a0\u00a0\u00a0\u00a0\u00a0\u00a0\u00a0\u00a0\u00a0\u00a0 Jack Wilkie<\/p>\n<p>Por favor, no dude en\u00a0contactarnos\u00a0haga clic <span style=\"color: #339966;\"><strong><a href=\"https:\/\/www.latinopartnership.net\/es\/about-us\/contactanos\/\"><span style=\"color: #008000;\"><span style=\"color: #339966;\">aqu\u00ed<\/span><\/span><\/a>.<\/strong><\/span><\/p>\n<p>\u00a1Tambi\u00e9n marquen <em><strong>LIKE<\/strong><\/em> en <span style=\"color: #339966;\"><strong><a style=\"color: #339966;\" href=\"https:\/\/www.facebook.com\/Latino-Partnership-of-Champaign-County-NFP-103442953045911\/?fb_dtsg_ag=Adw1QzasfUSLVIurk-va_CQF0ItZgQTyq1SmZDJiD7wXoA%3AAdwVKVbI_P8HVkvEgldfcgbhc6nsH5NCUuwiSw_4lRG_5w\">nuestra p\u00e1gina de Facebook<\/a>!<\/strong><\/span><\/p>\n<h3>Prop\u00f3sito<\/h3>\n<p>Esta organizaci\u00f3n (Latino Partnership del Condado de Champaign County NFP) se form\u00f3 con fines caritativos y educativos. Nuestra misi\u00f3n principal y espec\u00edfica incluyen:<\/p>\n<p>\u2022 eliminar discriminaci\u00f3n<\/p>\n<p>\u2022 defender los derechos humanos y civiles protegidos por la ley,<\/p>\n<p>\u2022 apoyar las instrucciones\u00a0\u00f3 el entrenamiento de individuos con el fin de desarrollar y mejorar sus capacidades<\/p>\n<p>\u2022 compartir la conciencia p\u00fablica y la comprensi\u00f3n de los temas oportunos que son pertinentes y beneficiosos para la comunidad.<\/p>\n<p>Para lograr estos objetivos, la organizaci\u00f3n se esfuerza para respaldar y mejorar los servicios disponibles para la poblaci\u00f3n Latino en el Condado de Champaign, y desarrollar la capacidad de los servicios proporcionados por organizaciones e individuos. Esperamos mantener al p\u00fablico informado sobre informaciones importantes relacionada con la seguridad en la comunidad, los derechos legales, la atenci\u00f3n m\u00e9dica, las oportunidades educativas y laborales, las clases de ingl\u00e9s y otros temas que beneficien a la comunidad.<\/p>\n","protected":false},"excerpt":{"rendered":"<p>\u00a1Bienvenidos! Welcome! \u00a1Bienvenidos a nuestro sitio web nuevo! Esperamos que usen este sitio como un lugar donde puedan encontrar recursos locales para familias latinas, futuros eventos, y informaci\u00f3n sobre temas importantes. \u00bfQui\u00e9nes Somos? El Latino Partnership es una organizaci\u00f3n dedicada al apoyo de la comunidad latina de Champaign-Urbana y este condado. Hemos transformado nuestra misi\u00f3n [&hellip;]<\/p>\n","protected":false},"author":1,"featured_media":0,"parent":0,"menu_order":0,"comment_status":"closed","ping_status":"closed","template":"","meta":{"footnotes":""},"class_list":["post-22","page","type-page","status-publish","hentry"],"yoast_head":"<!-- This site is optimized with the Yoast SEO plugin v27.5 - https:\/\/yoast.com\/product\/yoast-seo-wordpress\/ -->\n<title>Inicio - Latino Partnership of Champaign County<\/title>\n<meta name=\"description\" content=\"The Latino Partnership is an organization of service providers dedicated to support the Latino community of Champaign-Urbana and the surrounding area.\" \/>\n<meta name=\"robots\" content=\"index, follow, max-snippet:-1, max-image-preview:large, max-video-preview:-1\" \/>\n<link rel=\"canonical\" href=\"https:\/\/www.latinopartnership.net\/es\/\" \/>\n<meta property=\"og:locale\" content=\"es_ES\" \/>\n<meta property=\"og:type\" content=\"article\" \/>\n<meta property=\"og:title\" content=\"Inicio - Latino Partnership of Champaign County\" \/>\n<meta property=\"og:description\" content=\"The Latino Partnership is an organization of service providers dedicated to support the Latino community of Champaign-Urbana and the surrounding area.\" \/>\n<meta property=\"og:url\" content=\"https:\/\/www.latinopartnership.net\/es\/\" \/>\n<meta property=\"og:site_name\" content=\"Latino Partnership of Champaign County\" \/>\n<meta property=\"article:modified_time\" content=\"2018-10-15T15:03:52+00:00\" \/>\n<meta property=\"og:image\" content=\"https:\/\/www.latinopartnership.net\/wp-content\/uploads\/2018\/09\/Support-DACA-300x147.jpg\" \/>\n<meta name=\"twitter:card\" content=\"summary_large_image\" \/>\n<meta name=\"twitter:label1\" content=\"Tiempo de lectura\" \/>\n\t<meta name=\"twitter:data1\" content=\"2 minutos\" \/>\n<script type=\"application\/ld+json\" class=\"yoast-schema-graph\">{\"@context\":\"https:\\\/\\\/schema.org\",\"@graph\":[{\"@type\":\"WebPage\",\"@id\":\"https:\\\/\\\/www.latinopartnership.net\\\/es\\\/\",\"url\":\"https:\\\/\\\/www.latinopartnership.net\\\/es\\\/\",\"name\":\"Inicio - Latino Partnership of Champaign County\",\"isPartOf\":{\"@id\":\"https:\\\/\\\/www.latinopartnership.net\\\/#website\"},\"primaryImageOfPage\":{\"@id\":\"https:\\\/\\\/www.latinopartnership.net\\\/es\\\/#primaryimage\"},\"image\":{\"@id\":\"https:\\\/\\\/www.latinopartnership.net\\\/es\\\/#primaryimage\"},\"thumbnailUrl\":\"https:\\\/\\\/www.latinopartnership.net\\\/wp-content\\\/uploads\\\/2018\\\/09\\\/Support-DACA-300x147.jpg\",\"datePublished\":\"2018-08-08T01:46:12+00:00\",\"dateModified\":\"2018-10-15T15:03:52+00:00\",\"description\":\"The Latino Partnership is an organization of service providers dedicated to support the Latino community of Champaign-Urbana and the surrounding area.\",\"breadcrumb\":{\"@id\":\"https:\\\/\\\/www.latinopartnership.net\\\/es\\\/#breadcrumb\"},\"inLanguage\":\"es\",\"potentialAction\":[{\"@type\":\"ReadAction\",\"target\":[\"https:\\\/\\\/www.latinopartnership.net\\\/es\\\/\"]}]},{\"@type\":\"ImageObject\",\"inLanguage\":\"es\",\"@id\":\"https:\\\/\\\/www.latinopartnership.net\\\/es\\\/#primaryimage\",\"url\":\"https:\\\/\\\/www.latinopartnership.net\\\/wp-content\\\/uploads\\\/2018\\\/09\\\/Support-DACA-300x147.jpg\",\"contentUrl\":\"https:\\\/\\\/www.latinopartnership.net\\\/wp-content\\\/uploads\\\/2018\\\/09\\\/Support-DACA-300x147.jpg\"},{\"@type\":\"BreadcrumbList\",\"@id\":\"https:\\\/\\\/www.latinopartnership.net\\\/es\\\/#breadcrumb\",\"itemListElement\":[{\"@type\":\"ListItem\",\"position\":1,\"name\":\"Home\",\"item\":\"https:\\\/\\\/www.latinopartnership.net\\\/es\\\/\"},{\"@type\":\"ListItem\",\"position\":2,\"name\":\"Inicio\"}]},{\"@type\":\"WebSite\",\"@id\":\"https:\\\/\\\/www.latinopartnership.net\\\/#website\",\"url\":\"https:\\\/\\\/www.latinopartnership.net\\\/\",\"name\":\"Latino Partnership of Champaign County\",\"description\":\"Serving the Latino Community\",\"potentialAction\":[{\"@type\":\"SearchAction\",\"target\":{\"@type\":\"EntryPoint\",\"urlTemplate\":\"https:\\\/\\\/www.latinopartnership.net\\\/?s={search_term_string}\"},\"query-input\":{\"@type\":\"PropertyValueSpecification\",\"valueRequired\":true,\"valueName\":\"search_term_string\"}}],\"inLanguage\":\"es\"}]}<\/script>\n<!-- \/ Yoast SEO plugin. -->","yoast_head_json":{"title":"Inicio - Latino Partnership of Champaign County","description":"The Latino Partnership is an organization of service providers dedicated to support the Latino community of Champaign-Urbana and the surrounding area.","robots":{"index":"index","follow":"follow","max-snippet":"max-snippet:-1","max-image-preview":"max-image-preview:large","max-video-preview":"max-video-preview:-1"},"canonical":"https:\/\/www.latinopartnership.net\/es\/","og_locale":"es_ES","og_type":"article","og_title":"Inicio - Latino Partnership of Champaign County","og_description":"The Latino Partnership is an organization of service providers dedicated to support the Latino community of Champaign-Urbana and the surrounding area.","og_url":"https:\/\/www.latinopartnership.net\/es\/","og_site_name":"Latino Partnership of Champaign County","article_modified_time":"2018-10-15T15:03:52+00:00","og_image":[{"url":"https:\/\/www.latinopartnership.net\/wp-content\/uploads\/2018\/09\/Support-DACA-300x147.jpg","type":"","width":"","height":""}],"twitter_card":"summary_large_image","twitter_misc":{"Tiempo de lectura":"2 minutos"},"schema":{"@context":"https:\/\/schema.org","@graph":[{"@type":"WebPage","@id":"https:\/\/www.latinopartnership.net\/es\/","url":"https:\/\/www.latinopartnership.net\/es\/","name":"Inicio - Latino Partnership of Champaign County","isPartOf":{"@id":"https:\/\/www.latinopartnership.net\/#website"},"primaryImageOfPage":{"@id":"https:\/\/www.latinopartnership.net\/es\/#primaryimage"},"image":{"@id":"https:\/\/www.latinopartnership.net\/es\/#primaryimage"},"thumbnailUrl":"https:\/\/www.latinopartnership.net\/wp-content\/uploads\/2018\/09\/Support-DACA-300x147.jpg","datePublished":"2018-08-08T01:46:12+00:00","dateModified":"2018-10-15T15:03:52+00:00","description":"The Latino Partnership is an organization of service providers dedicated to support the Latino community of Champaign-Urbana and the surrounding area.","breadcrumb":{"@id":"https:\/\/www.latinopartnership.net\/es\/#breadcrumb"},"inLanguage":"es","potentialAction":[{"@type":"ReadAction","target":["https:\/\/www.latinopartnership.net\/es\/"]}]},{"@type":"ImageObject","inLanguage":"es","@id":"https:\/\/www.latinopartnership.net\/es\/#primaryimage","url":"https:\/\/www.latinopartnership.net\/wp-content\/uploads\/2018\/09\/Support-DACA-300x147.jpg","contentUrl":"https:\/\/www.latinopartnership.net\/wp-content\/uploads\/2018\/09\/Support-DACA-300x147.jpg"},{"@type":"BreadcrumbList","@id":"https:\/\/www.latinopartnership.net\/es\/#breadcrumb","itemListElement":[{"@type":"ListItem","position":1,"name":"Home","item":"https:\/\/www.latinopartnership.net\/es\/"},{"@type":"ListItem","position":2,"name":"Inicio"}]},{"@type":"WebSite","@id":"https:\/\/www.latinopartnership.net\/#website","url":"https:\/\/www.latinopartnership.net\/","name":"Latino Partnership of Champaign County","description":"Serving the Latino Community","potentialAction":[{"@type":"SearchAction","target":{"@type":"EntryPoint","urlTemplate":"https:\/\/www.latinopartnership.net\/?s={search_term_string}"},"query-input":{"@type":"PropertyValueSpecification","valueRequired":true,"valueName":"search_term_string"}}],"inLanguage":"es"}]}},"_links":{"self":[{"href":"https:\/\/www.latinopartnership.net\/es\/wp-json\/wp\/v2\/pages\/22","targetHints":{"allow":["GET"]}}],"collection":[{"href":"https:\/\/www.latinopartnership.net\/es\/wp-json\/wp\/v2\/pages"}],"about":[{"href":"https:\/\/www.latinopartnership.net\/es\/wp-json\/wp\/v2\/types\/page"}],"author":[{"embeddable":true,"href":"https:\/\/www.latinopartnership.net\/es\/wp-json\/wp\/v2\/users\/1"}],"replies":[{"embeddable":true,"href":"https:\/\/www.latinopartnership.net\/es\/wp-json\/wp\/v2\/comments?post=22"}],"version-history":[{"count":23,"href":"https:\/\/www.latinopartnership.net\/es\/wp-json\/wp\/v2\/pages\/22\/revisions"}],"predecessor-version":[{"id":364,"href":"https:\/\/www.latinopartnership.net\/es\/wp-json\/wp\/v2\/pages\/22\/revisions\/364"}],"wp:attachment":[{"href":"https:\/\/www.latinopartnership.net\/es\/wp-json\/wp\/v2\/media?parent=22"}],"curies":[{"name":"wp","href":"https:\/\/api.w.org\/{rel}","templated":true}]}}