{"id":265,"date":"2018-09-22T23:27:04","date_gmt":"2018-09-23T04:27:04","guid":{"rendered":"https:\/\/www.latinopartnership.net\/?page_id=265"},"modified":"2018-10-23T22:24:20","modified_gmt":"2018-10-24T03:24:20","slug":"amigos-del-latino-partnership","status":"publish","type":"page","link":"https:\/\/www.latinopartnership.net\/es\/amigos-del-latino-partnership\/","title":{"rendered":"Amigos de Latino Partnership"},"content":{"rendered":"<figure><img decoding=\"async\" class=\"aligncenter\" src=\"https:\/\/www.latinopartnership.net\/wp-content\/uploads\/2018\/09\/Cultures-of-the-World-Fashion-Show-300x169.jpg\" \/><\/figure>\n<p>&nbsp;<\/p>\n<p>El Latino Partnership trabaja con, y apoya, muchas organizaciones y agencias que proveen recursos para la comunidad latina. Estos son alguno de ellos:<\/p>\n<p>\u2022 <a href=\"https:\/\/www.facebook.com\/ECIRMAC\/\"><strong><span style=\"color: #339966;\">ECIRMAC<\/span><\/strong><\/a> (East Central Illinois Refugee Mutual Assistance Center [tambi\u00e9n conocido como El Centro para Refugiados] ayuda a refugiados reci\u00e9n llegados a\u00a0acostumbrarse a la cultura americana y provee servicios comunes y necesitados por esta poblaci\u00f3n. Ayudan a todos los refugiados, inmigrantes, y asilados pol\u00edticos, independemiente de sus pa\u00edses de origen. Hoy d\u00eda proveen servicios en siete idiomas: ingl\u00e9s, espa\u00f1ol, franc\u00e9s, vietnamita, ruso, canton\u00e9s, y mandar\u00edn. Otros servicios se pueden\u00a0organizar en otros idomas al pedirse.<\/p>\n<p>\u2022 <a href=\"https:\/\/universityymca.org\/\"><strong><span style=\"color: #339966;\">University YMCA<\/span><\/strong><\/a> tiene varios servicios \u00fatiles para la comunidad latina:<\/p>\n<p><span style=\"color: #339966;\">\u00a0<a style=\"color: #339966;\" href=\"https:\/\/universityymca.org\/welcome\/\"><strong>New American Welcoming Center<\/strong><\/a>\u00a0<\/span>\u00a0(el Centro de Acogida para Americanos Nuevos): adem\u00e1s de una variedad de servicios y eventos,\u00a0ofrecen un centro de recursos digitales para ayudar a los inmigrantes locales acceder informaci\u00f3n importante sobre\u00a0una variedad de\u00a0recursos y servicios locales en un lugar centralizado en l\u00ednea.<\/p>\n<p><strong><span style=\"color: #339966;\">La L\u00ednea (217) 417-5897 <\/span><\/strong>es una\u00a0organizaci\u00f3n de ayuda telef\u00f3nica que ayuda a la comunidad latina proporcionando informaci\u00f3n sobre varios recursos y servicios locales. Los recursos incluyen apoyo para los ni\u00f1os, cuidado de ni\u00f1os, la inmigraci\u00f3n, asistencia legal, DACA, TVDL (licencias de manejar), la educaci\u00f3n, problemas de empleo, atenci\u00f3n m\u00e9dica, vivienda, interpretaci\u00f3n, salud mental, permiso de trabajo, asistencia con alimentos y ropa. Abiertos de lunes a viernes de las 8:30 a.m. a las 5:00 p.m. Mensajes se responden dentro de un d\u00eda laboral.<\/p>\n<p><a href=\"https:\/\/universityymca.org\/welcome\/oasis\/\"><strong><span style=\"color: #339966;\">Project OASIS Immigrant Resource Center<\/span><\/strong><\/a> : proporciona informaci\u00f3n de recursos locales para inmigrantes seg\u00fan sus necesidades actuales, como encontrar clases de ingl\u00e9s, estudiar y aplicar para la ciudadan\u00eda, buscar vivienda, buscar asistencia legal, y conectarse con otros inmigrantes en la comunidad, etc.<\/p>\n<p>\u2022 <a href=\"http:\/\/immigration-forum.blogspot.com\/\"><strong><span style=\"color: #339966;\">The C-U Immigration Forum<\/span><\/strong><\/a> promueve programas y pol\u00edticas que benefician a los inmigrantes en nuestra comunidad, as\u00ed como actividades de pel\u00edculas y discusiones de pel\u00edculas documentales sobre temas de inmigraci\u00f3n, servicios religiosos, y las \u00faltimas noticias de la legislaci\u00f3n, etc.<\/p>\n<p>\u2022 <a href=\"https:\/\/www.cufair-us.com\/\"><strong><span style=\"color: #339966;\">CUFAIR<\/span><\/strong><\/a> (Champaign-Urbana Amigos de los Inmigrantes y Refugiados) apoya a los inmigrantes encontrar el alojamiento y empleos, encontrar asistencia m\u00e9dica y beneficios que existan, identificar clases de ingl\u00e9s, la gesti\u00f3n financiera, el presupuesto, y la integraci\u00f3n social y cultural.<\/p>\n","protected":false},"excerpt":{"rendered":"<p>&nbsp; El Latino Partnership trabaja con, y apoya, muchas organizaciones y agencias que proveen recursos para la comunidad latina. Estos son alguno de ellos: \u2022 ECIRMAC (East Central Illinois Refugee Mutual Assistance Center [tambi\u00e9n conocido como El Centro para Refugiados] ayuda a refugiados reci\u00e9n llegados a\u00a0acostumbrarse a la cultura americana y provee servicios comunes y [&hellip;]<\/p>\n","protected":false},"author":3,"featured_media":0,"parent":0,"menu_order":0,"comment_status":"closed","ping_status":"closed","template":"","meta":{"footnotes":""},"class_list":["post-265","page","type-page","status-publish","hentry"],"yoast_head":"<!-- This site is optimized with the Yoast SEO plugin v27.5 - https:\/\/yoast.com\/product\/yoast-seo-wordpress\/ -->\n<title>Amigos de Latino Partnership - Latino Partnership of Champaign County<\/title>\n<meta name=\"robots\" content=\"index, follow, max-snippet:-1, max-image-preview:large, max-video-preview:-1\" \/>\n<link rel=\"canonical\" href=\"https:\/\/www.latinopartnership.net\/es\/amigos-del-latino-partnership\/\" \/>\n<meta property=\"og:locale\" content=\"es_ES\" \/>\n<meta property=\"og:type\" content=\"article\" \/>\n<meta property=\"og:title\" content=\"Amigos de Latino Partnership - Latino Partnership of Champaign County\" \/>\n<meta property=\"og:description\" content=\"&nbsp; El Latino Partnership trabaja con, y apoya, muchas organizaciones y agencias que proveen recursos para la comunidad latina. Estos son alguno de ellos: \u2022 ECIRMAC (East Central Illinois Refugee Mutual Assistance Center [tambi\u00e9n conocido como El Centro para Refugiados] ayuda a refugiados reci\u00e9n llegados a\u00a0acostumbrarse a la cultura americana y provee servicios comunes y [&hellip;]\" \/>\n<meta property=\"og:url\" content=\"https:\/\/www.latinopartnership.net\/es\/amigos-del-latino-partnership\/\" \/>\n<meta property=\"og:site_name\" content=\"Latino Partnership of Champaign County\" \/>\n<meta property=\"article:modified_time\" content=\"2018-10-24T03:24:20+00:00\" \/>\n<meta property=\"og:image\" content=\"https:\/\/www.latinopartnership.net\/wp-content\/uploads\/2018\/09\/Cultures-of-the-World-Fashion-Show-300x169.jpg\" \/>\n<meta name=\"twitter:card\" content=\"summary_large_image\" \/>\n<meta name=\"twitter:label1\" content=\"Tiempo de lectura\" \/>\n\t<meta name=\"twitter:data1\" content=\"2 minutos\" \/>\n<script type=\"application\/ld+json\" class=\"yoast-schema-graph\">{\"@context\":\"https:\\\/\\\/schema.org\",\"@graph\":[{\"@type\":\"WebPage\",\"@id\":\"https:\\\/\\\/www.latinopartnership.net\\\/es\\\/amigos-del-latino-partnership\\\/\",\"url\":\"https:\\\/\\\/www.latinopartnership.net\\\/es\\\/amigos-del-latino-partnership\\\/\",\"name\":\"Amigos de Latino Partnership - Latino Partnership of Champaign County\",\"isPartOf\":{\"@id\":\"https:\\\/\\\/www.latinopartnership.net\\\/#website\"},\"primaryImageOfPage\":{\"@id\":\"https:\\\/\\\/www.latinopartnership.net\\\/es\\\/amigos-del-latino-partnership\\\/#primaryimage\"},\"image\":{\"@id\":\"https:\\\/\\\/www.latinopartnership.net\\\/es\\\/amigos-del-latino-partnership\\\/#primaryimage\"},\"thumbnailUrl\":\"https:\\\/\\\/www.latinopartnership.net\\\/wp-content\\\/uploads\\\/2018\\\/09\\\/Cultures-of-the-World-Fashion-Show-300x169.jpg\",\"datePublished\":\"2018-09-23T04:27:04+00:00\",\"dateModified\":\"2018-10-24T03:24:20+00:00\",\"breadcrumb\":{\"@id\":\"https:\\\/\\\/www.latinopartnership.net\\\/es\\\/amigos-del-latino-partnership\\\/#breadcrumb\"},\"inLanguage\":\"es\",\"potentialAction\":[{\"@type\":\"ReadAction\",\"target\":[\"https:\\\/\\\/www.latinopartnership.net\\\/es\\\/amigos-del-latino-partnership\\\/\"]}]},{\"@type\":\"ImageObject\",\"inLanguage\":\"es\",\"@id\":\"https:\\\/\\\/www.latinopartnership.net\\\/es\\\/amigos-del-latino-partnership\\\/#primaryimage\",\"url\":\"https:\\\/\\\/www.latinopartnership.net\\\/wp-content\\\/uploads\\\/2018\\\/09\\\/Cultures-of-the-World-Fashion-Show-300x169.jpg\",\"contentUrl\":\"https:\\\/\\\/www.latinopartnership.net\\\/wp-content\\\/uploads\\\/2018\\\/09\\\/Cultures-of-the-World-Fashion-Show-300x169.jpg\"},{\"@type\":\"BreadcrumbList\",\"@id\":\"https:\\\/\\\/www.latinopartnership.net\\\/es\\\/amigos-del-latino-partnership\\\/#breadcrumb\",\"itemListElement\":[{\"@type\":\"ListItem\",\"position\":1,\"name\":\"Home\",\"item\":\"https:\\\/\\\/www.latinopartnership.net\\\/es\\\/\"},{\"@type\":\"ListItem\",\"position\":2,\"name\":\"Amigos de Latino Partnership\"}]},{\"@type\":\"WebSite\",\"@id\":\"https:\\\/\\\/www.latinopartnership.net\\\/#website\",\"url\":\"https:\\\/\\\/www.latinopartnership.net\\\/\",\"name\":\"Latino Partnership of Champaign County\",\"description\":\"Serving the Latino Community\",\"potentialAction\":[{\"@type\":\"SearchAction\",\"target\":{\"@type\":\"EntryPoint\",\"urlTemplate\":\"https:\\\/\\\/www.latinopartnership.net\\\/?s={search_term_string}\"},\"query-input\":{\"@type\":\"PropertyValueSpecification\",\"valueRequired\":true,\"valueName\":\"search_term_string\"}}],\"inLanguage\":\"es\"}]}<\/script>\n<!-- \/ Yoast SEO plugin. -->","yoast_head_json":{"title":"Amigos de Latino Partnership - Latino Partnership of Champaign County","robots":{"index":"index","follow":"follow","max-snippet":"max-snippet:-1","max-image-preview":"max-image-preview:large","max-video-preview":"max-video-preview:-1"},"canonical":"https:\/\/www.latinopartnership.net\/es\/amigos-del-latino-partnership\/","og_locale":"es_ES","og_type":"article","og_title":"Amigos de Latino Partnership - Latino Partnership of Champaign County","og_description":"&nbsp; El Latino Partnership trabaja con, y apoya, muchas organizaciones y agencias que proveen recursos para la comunidad latina. Estos son alguno de ellos: \u2022 ECIRMAC (East Central Illinois Refugee Mutual Assistance Center [tambi\u00e9n conocido como El Centro para Refugiados] ayuda a refugiados reci\u00e9n llegados a\u00a0acostumbrarse a la cultura americana y provee servicios comunes y [&hellip;]","og_url":"https:\/\/www.latinopartnership.net\/es\/amigos-del-latino-partnership\/","og_site_name":"Latino Partnership of Champaign County","article_modified_time":"2018-10-24T03:24:20+00:00","og_image":[{"url":"https:\/\/www.latinopartnership.net\/wp-content\/uploads\/2018\/09\/Cultures-of-the-World-Fashion-Show-300x169.jpg","type":"","width":"","height":""}],"twitter_card":"summary_large_image","twitter_misc":{"Tiempo de lectura":"2 minutos"},"schema":{"@context":"https:\/\/schema.org","@graph":[{"@type":"WebPage","@id":"https:\/\/www.latinopartnership.net\/es\/amigos-del-latino-partnership\/","url":"https:\/\/www.latinopartnership.net\/es\/amigos-del-latino-partnership\/","name":"Amigos de Latino Partnership - Latino Partnership of Champaign County","isPartOf":{"@id":"https:\/\/www.latinopartnership.net\/#website"},"primaryImageOfPage":{"@id":"https:\/\/www.latinopartnership.net\/es\/amigos-del-latino-partnership\/#primaryimage"},"image":{"@id":"https:\/\/www.latinopartnership.net\/es\/amigos-del-latino-partnership\/#primaryimage"},"thumbnailUrl":"https:\/\/www.latinopartnership.net\/wp-content\/uploads\/2018\/09\/Cultures-of-the-World-Fashion-Show-300x169.jpg","datePublished":"2018-09-23T04:27:04+00:00","dateModified":"2018-10-24T03:24:20+00:00","breadcrumb":{"@id":"https:\/\/www.latinopartnership.net\/es\/amigos-del-latino-partnership\/#breadcrumb"},"inLanguage":"es","potentialAction":[{"@type":"ReadAction","target":["https:\/\/www.latinopartnership.net\/es\/amigos-del-latino-partnership\/"]}]},{"@type":"ImageObject","inLanguage":"es","@id":"https:\/\/www.latinopartnership.net\/es\/amigos-del-latino-partnership\/#primaryimage","url":"https:\/\/www.latinopartnership.net\/wp-content\/uploads\/2018\/09\/Cultures-of-the-World-Fashion-Show-300x169.jpg","contentUrl":"https:\/\/www.latinopartnership.net\/wp-content\/uploads\/2018\/09\/Cultures-of-the-World-Fashion-Show-300x169.jpg"},{"@type":"BreadcrumbList","@id":"https:\/\/www.latinopartnership.net\/es\/amigos-del-latino-partnership\/#breadcrumb","itemListElement":[{"@type":"ListItem","position":1,"name":"Home","item":"https:\/\/www.latinopartnership.net\/es\/"},{"@type":"ListItem","position":2,"name":"Amigos de Latino Partnership"}]},{"@type":"WebSite","@id":"https:\/\/www.latinopartnership.net\/#website","url":"https:\/\/www.latinopartnership.net\/","name":"Latino Partnership of Champaign County","description":"Serving the Latino Community","potentialAction":[{"@type":"SearchAction","target":{"@type":"EntryPoint","urlTemplate":"https:\/\/www.latinopartnership.net\/?s={search_term_string}"},"query-input":{"@type":"PropertyValueSpecification","valueRequired":true,"valueName":"search_term_string"}}],"inLanguage":"es"}]}},"_links":{"self":[{"href":"https:\/\/www.latinopartnership.net\/es\/wp-json\/wp\/v2\/pages\/265","targetHints":{"allow":["GET"]}}],"collection":[{"href":"https:\/\/www.latinopartnership.net\/es\/wp-json\/wp\/v2\/pages"}],"about":[{"href":"https:\/\/www.latinopartnership.net\/es\/wp-json\/wp\/v2\/types\/page"}],"author":[{"embeddable":true,"href":"https:\/\/www.latinopartnership.net\/es\/wp-json\/wp\/v2\/users\/3"}],"replies":[{"embeddable":true,"href":"https:\/\/www.latinopartnership.net\/es\/wp-json\/wp\/v2\/comments?post=265"}],"version-history":[{"count":11,"href":"https:\/\/www.latinopartnership.net\/es\/wp-json\/wp\/v2\/pages\/265\/revisions"}],"predecessor-version":[{"id":356,"href":"https:\/\/www.latinopartnership.net\/es\/wp-json\/wp\/v2\/pages\/265\/revisions\/356"}],"wp:attachment":[{"href":"https:\/\/www.latinopartnership.net\/es\/wp-json\/wp\/v2\/media?parent=265"}],"curies":[{"name":"wp","href":"https:\/\/api.w.org\/{rel}","templated":true}]}}