{"id":59,"date":"2018-08-06T14:49:10","date_gmt":"2018-08-06T19:49:10","guid":{"rendered":"https:\/\/www.latinopartnership.net\/about-us\/"},"modified":"2018-10-09T14:24:58","modified_gmt":"2018-10-09T19:24:58","slug":"about-us","status":"publish","type":"page","link":"https:\/\/www.latinopartnership.net\/es\/about-us\/","title":{"rendered":"About Us"},"content":{"rendered":"<h3>Sobre\u00a0Nosotros<\/h3>\n<figure><img loading=\"lazy\" decoding=\"async\" class=\"alignright\" src=\"https:\/\/www.latinopartnership.net\/wp-content\/uploads\/2018\/09\/la-union-hace-la-fuerza-150x150.jpg\" alt=\"\" width=\"150\" height=\"150\" \/><\/figure>\n<p>La Asociaci\u00f3n de El Latino Partnership del Condado de Champaign County NFP se desarroll\u00f3 a partir de una asociaci\u00f3n de agencias de servicios comunitarios que comenz\u00f3 en el 2002.<\/p>\n<p>Trabajamos con m\u00e1s de 40 organizaciones p\u00fablicas y sin fines de lucro, que buscan desarrollar y mejorar servicios para y con los miembros de la comunidad latina. Somos una organizaci\u00f3n sin fines de lucro 501(c)(3).<\/p>\n<p>En los pr\u00f3ximos dos a\u00f1os, la Asociaci\u00f3n de Latino Partnership planea crear relaciones m\u00e1s duraderas con otras organizaciones e instituciones comunitarias clave.<\/p>\n<p>\u00a1Su participaci\u00f3n y recomendaciones son bienvenidas!<\/p>\n<h3><strong>Nuestra Misi\u00f3n<\/strong><\/h3>\n<p>Esta corporaci\u00f3n (Latino Partnership del Condado de Champaign County NFP) se ha formado con prop\u00f3sitos caritativos y educativos. Sus prop\u00f3sitos espec\u00edficos y primarios son: para eliminar discriminaci\u00f3n, defender los derechos humanos y civiles asegurados por la ley, estimular la instrucci\u00f3n o el entrenamiento de individuos con el fin de mejorar o de desarrollar sus capacidades, y tambi\u00e9n la instrucci\u00f3n del p\u00fablico en los temas \u00fatiles a los ellos mismo y beneficiosos a la comunidad. Para lograr estos prop\u00f3sitos, la corporaci\u00f3n apoya y mejora los servicios de la poblaci\u00f3n Latino en el Condado de Champaign construyendo la capacidad de servicios proporcionados por organizaciones e individuos con la distribuci\u00f3n de la informaci\u00f3n referente a seguridad de la comunidad, el derecho legal, cuidado m\u00e9dico, las posibilidades educativas y de empleo, los conocimientos ling\u00fc\u00edsticos y otros temas beneficioso a la comunidad.<\/p>\n<p><strong>Actividades Actuales y Recientes<\/strong><\/p>\n<p>Nuestra Junta Directiva utiliz\u00f3 el a\u00f1o pasado para re-examinar nuestras prioridades. Nos estamos enfocando en trabajar de una manera m\u00e1s directa con la comunidad latina.<\/p>\n<ul>\n<li>Continuaremos colaborando y trabajando con otras organizaciones y agencias que sirven y trabajan con la comunidad latina.<\/li>\n<li>Continuaremos siendo la organizaci\u00f3n anfitriona del Consulado Mexicano Sobre Ruedas.<\/li>\n<li>Continuaremos defendiendo la justicia social y los derechos de latinos e inmigrantes.<\/li>\n<li>Continuaremos brindando asistencia a las familias latinas locales necesitadas.<\/li>\n<li>Acabamos de crear un Fondo de Asistencia Familiar para ayudar a las necesidades de familias latinas\u00a0 \u2026\u00a0 usted puede ayudar haciendo una donaci\u00f3n <span style=\"color: #339966;\"><a style=\"color: #339966;\" href=\"https:\/\/www.latinopartnership.net\/es\/done-aqui\/\">aqu\u00ed<\/a>.<\/span><\/li>\n<\/ul>\n<p><strong>\u00a1GRACIAS!<\/strong><\/p>\n<p>&nbsp;<\/p>\n","protected":false},"excerpt":{"rendered":"<p>Sobre\u00a0Nosotros La Asociaci\u00f3n de El Latino Partnership del Condado de Champaign County NFP se desarroll\u00f3 a partir de una asociaci\u00f3n de agencias de servicios comunitarios que comenz\u00f3 en el 2002. Trabajamos con m\u00e1s de 40 organizaciones p\u00fablicas y sin fines de lucro, que buscan desarrollar y mejorar servicios para y con los miembros de la [&hellip;]<\/p>\n","protected":false},"author":1,"featured_media":0,"parent":0,"menu_order":0,"comment_status":"closed","ping_status":"closed","template":"","meta":{"footnotes":""},"class_list":["post-59","page","type-page","status-publish","hentry"],"yoast_head":"<!-- This site is optimized with the Yoast SEO plugin v27.5 - https:\/\/yoast.com\/product\/yoast-seo-wordpress\/ -->\n<title>About Us - Latino Partnership of Champaign County<\/title>\n<meta name=\"robots\" content=\"index, follow, max-snippet:-1, max-image-preview:large, max-video-preview:-1\" \/>\n<link rel=\"canonical\" href=\"https:\/\/www.latinopartnership.net\/es\/about-us\/\" \/>\n<meta property=\"og:locale\" content=\"es_ES\" \/>\n<meta property=\"og:type\" content=\"article\" \/>\n<meta property=\"og:title\" content=\"About Us - Latino Partnership of Champaign County\" \/>\n<meta property=\"og:description\" content=\"Sobre\u00a0Nosotros La Asociaci\u00f3n de El Latino Partnership del Condado de Champaign County NFP se desarroll\u00f3 a partir de una asociaci\u00f3n de agencias de servicios comunitarios que comenz\u00f3 en el 2002. Trabajamos con m\u00e1s de 40 organizaciones p\u00fablicas y sin fines de lucro, que buscan desarrollar y mejorar servicios para y con los miembros de la [&hellip;]\" \/>\n<meta property=\"og:url\" content=\"https:\/\/www.latinopartnership.net\/es\/about-us\/\" \/>\n<meta property=\"og:site_name\" content=\"Latino Partnership of Champaign County\" \/>\n<meta property=\"article:modified_time\" content=\"2018-10-09T19:24:58+00:00\" \/>\n<meta property=\"og:image\" content=\"https:\/\/www.latinopartnership.net\/wp-content\/uploads\/2018\/09\/la-union-hace-la-fuerza-150x150.jpg\" \/>\n<meta name=\"twitter:card\" content=\"summary_large_image\" \/>\n<meta name=\"twitter:label1\" content=\"Tiempo de lectura\" \/>\n\t<meta name=\"twitter:data1\" content=\"2 minutos\" \/>\n<script type=\"application\/ld+json\" class=\"yoast-schema-graph\">{\"@context\":\"https:\\\/\\\/schema.org\",\"@graph\":[{\"@type\":\"WebPage\",\"@id\":\"https:\\\/\\\/www.latinopartnership.net\\\/es\\\/about-us\\\/\",\"url\":\"https:\\\/\\\/www.latinopartnership.net\\\/es\\\/about-us\\\/\",\"name\":\"About Us - Latino Partnership of Champaign County\",\"isPartOf\":{\"@id\":\"https:\\\/\\\/www.latinopartnership.net\\\/#website\"},\"primaryImageOfPage\":{\"@id\":\"https:\\\/\\\/www.latinopartnership.net\\\/es\\\/about-us\\\/#primaryimage\"},\"image\":{\"@id\":\"https:\\\/\\\/www.latinopartnership.net\\\/es\\\/about-us\\\/#primaryimage\"},\"thumbnailUrl\":\"https:\\\/\\\/www.latinopartnership.net\\\/wp-content\\\/uploads\\\/2018\\\/09\\\/la-union-hace-la-fuerza-150x150.jpg\",\"datePublished\":\"2018-08-06T19:49:10+00:00\",\"dateModified\":\"2018-10-09T19:24:58+00:00\",\"breadcrumb\":{\"@id\":\"https:\\\/\\\/www.latinopartnership.net\\\/es\\\/about-us\\\/#breadcrumb\"},\"inLanguage\":\"es\",\"potentialAction\":[{\"@type\":\"ReadAction\",\"target\":[\"https:\\\/\\\/www.latinopartnership.net\\\/es\\\/about-us\\\/\"]}]},{\"@type\":\"ImageObject\",\"inLanguage\":\"es\",\"@id\":\"https:\\\/\\\/www.latinopartnership.net\\\/es\\\/about-us\\\/#primaryimage\",\"url\":\"https:\\\/\\\/www.latinopartnership.net\\\/wp-content\\\/uploads\\\/2018\\\/09\\\/la-union-hace-la-fuerza-150x150.jpg\",\"contentUrl\":\"https:\\\/\\\/www.latinopartnership.net\\\/wp-content\\\/uploads\\\/2018\\\/09\\\/la-union-hace-la-fuerza-150x150.jpg\"},{\"@type\":\"BreadcrumbList\",\"@id\":\"https:\\\/\\\/www.latinopartnership.net\\\/es\\\/about-us\\\/#breadcrumb\",\"itemListElement\":[{\"@type\":\"ListItem\",\"position\":1,\"name\":\"Home\",\"item\":\"https:\\\/\\\/www.latinopartnership.net\\\/es\\\/\"},{\"@type\":\"ListItem\",\"position\":2,\"name\":\"About Us\"}]},{\"@type\":\"WebSite\",\"@id\":\"https:\\\/\\\/www.latinopartnership.net\\\/#website\",\"url\":\"https:\\\/\\\/www.latinopartnership.net\\\/\",\"name\":\"Latino Partnership of Champaign County\",\"description\":\"Serving the Latino Community\",\"potentialAction\":[{\"@type\":\"SearchAction\",\"target\":{\"@type\":\"EntryPoint\",\"urlTemplate\":\"https:\\\/\\\/www.latinopartnership.net\\\/?s={search_term_string}\"},\"query-input\":{\"@type\":\"PropertyValueSpecification\",\"valueRequired\":true,\"valueName\":\"search_term_string\"}}],\"inLanguage\":\"es\"}]}<\/script>\n<!-- \/ Yoast SEO plugin. -->","yoast_head_json":{"title":"About Us - Latino Partnership of Champaign County","robots":{"index":"index","follow":"follow","max-snippet":"max-snippet:-1","max-image-preview":"max-image-preview:large","max-video-preview":"max-video-preview:-1"},"canonical":"https:\/\/www.latinopartnership.net\/es\/about-us\/","og_locale":"es_ES","og_type":"article","og_title":"About Us - Latino Partnership of Champaign County","og_description":"Sobre\u00a0Nosotros La Asociaci\u00f3n de El Latino Partnership del Condado de Champaign County NFP se desarroll\u00f3 a partir de una asociaci\u00f3n de agencias de servicios comunitarios que comenz\u00f3 en el 2002. Trabajamos con m\u00e1s de 40 organizaciones p\u00fablicas y sin fines de lucro, que buscan desarrollar y mejorar servicios para y con los miembros de la [&hellip;]","og_url":"https:\/\/www.latinopartnership.net\/es\/about-us\/","og_site_name":"Latino Partnership of Champaign County","article_modified_time":"2018-10-09T19:24:58+00:00","og_image":[{"url":"https:\/\/www.latinopartnership.net\/wp-content\/uploads\/2018\/09\/la-union-hace-la-fuerza-150x150.jpg","type":"","width":"","height":""}],"twitter_card":"summary_large_image","twitter_misc":{"Tiempo de lectura":"2 minutos"},"schema":{"@context":"https:\/\/schema.org","@graph":[{"@type":"WebPage","@id":"https:\/\/www.latinopartnership.net\/es\/about-us\/","url":"https:\/\/www.latinopartnership.net\/es\/about-us\/","name":"About Us - Latino Partnership of Champaign County","isPartOf":{"@id":"https:\/\/www.latinopartnership.net\/#website"},"primaryImageOfPage":{"@id":"https:\/\/www.latinopartnership.net\/es\/about-us\/#primaryimage"},"image":{"@id":"https:\/\/www.latinopartnership.net\/es\/about-us\/#primaryimage"},"thumbnailUrl":"https:\/\/www.latinopartnership.net\/wp-content\/uploads\/2018\/09\/la-union-hace-la-fuerza-150x150.jpg","datePublished":"2018-08-06T19:49:10+00:00","dateModified":"2018-10-09T19:24:58+00:00","breadcrumb":{"@id":"https:\/\/www.latinopartnership.net\/es\/about-us\/#breadcrumb"},"inLanguage":"es","potentialAction":[{"@type":"ReadAction","target":["https:\/\/www.latinopartnership.net\/es\/about-us\/"]}]},{"@type":"ImageObject","inLanguage":"es","@id":"https:\/\/www.latinopartnership.net\/es\/about-us\/#primaryimage","url":"https:\/\/www.latinopartnership.net\/wp-content\/uploads\/2018\/09\/la-union-hace-la-fuerza-150x150.jpg","contentUrl":"https:\/\/www.latinopartnership.net\/wp-content\/uploads\/2018\/09\/la-union-hace-la-fuerza-150x150.jpg"},{"@type":"BreadcrumbList","@id":"https:\/\/www.latinopartnership.net\/es\/about-us\/#breadcrumb","itemListElement":[{"@type":"ListItem","position":1,"name":"Home","item":"https:\/\/www.latinopartnership.net\/es\/"},{"@type":"ListItem","position":2,"name":"About Us"}]},{"@type":"WebSite","@id":"https:\/\/www.latinopartnership.net\/#website","url":"https:\/\/www.latinopartnership.net\/","name":"Latino Partnership of Champaign County","description":"Serving the Latino Community","potentialAction":[{"@type":"SearchAction","target":{"@type":"EntryPoint","urlTemplate":"https:\/\/www.latinopartnership.net\/?s={search_term_string}"},"query-input":{"@type":"PropertyValueSpecification","valueRequired":true,"valueName":"search_term_string"}}],"inLanguage":"es"}]}},"_links":{"self":[{"href":"https:\/\/www.latinopartnership.net\/es\/wp-json\/wp\/v2\/pages\/59","targetHints":{"allow":["GET"]}}],"collection":[{"href":"https:\/\/www.latinopartnership.net\/es\/wp-json\/wp\/v2\/pages"}],"about":[{"href":"https:\/\/www.latinopartnership.net\/es\/wp-json\/wp\/v2\/types\/page"}],"author":[{"embeddable":true,"href":"https:\/\/www.latinopartnership.net\/es\/wp-json\/wp\/v2\/users\/1"}],"replies":[{"embeddable":true,"href":"https:\/\/www.latinopartnership.net\/es\/wp-json\/wp\/v2\/comments?post=59"}],"version-history":[{"count":30,"href":"https:\/\/www.latinopartnership.net\/es\/wp-json\/wp\/v2\/pages\/59\/revisions"}],"predecessor-version":[{"id":343,"href":"https:\/\/www.latinopartnership.net\/es\/wp-json\/wp\/v2\/pages\/59\/revisions\/343"}],"wp:attachment":[{"href":"https:\/\/www.latinopartnership.net\/es\/wp-json\/wp\/v2\/media?parent=59"}],"curies":[{"name":"wp","href":"https:\/\/api.w.org\/{rel}","templated":true}]}}